{"id":97,"date":"2015-09-15T11:35:31","date_gmt":"2015-09-15T11:35:31","guid":{"rendered":"http:\/\/fiskerikyndig.no\/fiskerikyndig.new\/?page_id=97"},"modified":"2015-09-16T11:00:04","modified_gmt":"2015-09-16T11:00:04","slug":"etiske-retningslinjer","status":"publish","type":"page","link":"https:\/\/arcticnavigation.no\/en\/etiske-retningslinjer\/","title":{"rendered":"Etiske Retningslinjer"},"content":{"rendered":"<p style=\"text-align: left;\" align=\"justify\">Disse etiske retningslinjer er behandlet og vedtatt av lederm\u00f8te i Arctic Navigation Ltd den 18.08.06<br \/> Med kunde forst\u00e5es i det f\u00f8lgende den eller de som i avtaleforhold er oppf\u00f8rt som oppdragsgiver.<\/p>\n<p><strong>Forhold til kunde<br \/> <\/strong>Ved valg og gjennomf\u00f8ring av\u00a0 oppdrag, arbeidsmetoder og l\u00f8sninger, &#8211; arbeider selskapets medarbeidere\u00a0 innenfor allment aksepterte etiske, sosiale og milj\u00f8messige rammebetingelser. Vi forbeholder oss rett til \u00e5 avvise oppdragsanmodninger eller avbryte oppdrag\u00a0 dersom denne forutsetningen viser seg ikke \u00e5 v\u00e6re til stede<\/p>\n<p>Alle opplysninger i forbindelse med oppdrag er konfidensielle, med mindre annet er avtalt med kunden.<\/p>\n<p><strong>Oppdragstagers forhold<\/strong><br \/> Oppdragstager skal alltid, i og utenfor jobb, opptre lojalt overfor kunde og arbeidsgiver.<\/p>\n<p>Ansatte har taushetsplikt om interne forhold i egen bedrift. Det gjelder b\u00e5de personlige forhold, bedriftens<br \/> strategi, opplysninger i oppdragsforhold og annet<\/p>\n<p>Den ansatte som privatperson \/ eller eget firma, kan ikke p\u00e5ta seg tjenester som p\u00e5 noen m\u00e5ter kan oppfattes \u00e5\u00a0 v\u00e6re i konkurranse med arbeidsgiver, uten at forholdet er skriftlig avklart og\u00a0 avtalt med arbeidsgiver.<\/p>\n<p>Ved overgang til nytt arbeidsforhold forplikter den ansatte seg til taushetsplikt i forhold til\u00a0 opplysninger som kan skade arbeidsgiver eller dennes kunde. Likeledes skal man ved en slik overgang ikke bruke metoder eller teknikker som kan oppfattes \u00e5 v\u00e6re tidligere arbeidsgivers eller kundes eiendom.<\/p>\n<p>Ovennevnte forhold gjelder b\u00e5de oppdragstagere (innleid) og fast ansatte.<\/p>\n<p>Stavanger 18.05.06<\/p>\n<p style=\"text-align: left;\"><span class=\"content\">\u00a0<\/span><\/p>","protected":false},"excerpt":{"rendered":"<p>Disse etiske retningslinjer er behandlet og vedtatt av lederm\u00f8te i Arctic Navigation Ltd den 18.08.06 Med kunde forst\u00e5es i det f\u00f8lgende den eller de som i avtaleforhold er oppf\u00f8rt som oppdragsgiver. Forhold til kunde Ved valg og gjennomf\u00f8ring av\u00a0 oppdrag, arbeidsmetoder og l\u00f8sninger, &#8211; arbeider selskapets medarbeidere\u00a0 innenfor allment aksepterte etiske, sosiale og milj\u00f8messige rammebetingelser.<span class=\"excerpt-ellipsis\">&#8230;<\/span><\/p>\n<p><a class=\"more-link\" href=\"https:\/\/arcticnavigation.no\/en\/etiske-retningslinjer\/\" itemprop=\"url\">Read More<\/a><\/p>","protected":false},"author":1,"featured_media":0,"parent":0,"menu_order":0,"comment_status":"closed","ping_status":"closed","template":"","meta":{"footnotes":""},"class_list":["post-97","page","type-page","status-publish","hentry"],"_links":{"self":[{"href":"https:\/\/arcticnavigation.no\/en\/wp-json\/wp\/v2\/pages\/97","targetHints":{"allow":["GET"]}}],"collection":[{"href":"https:\/\/arcticnavigation.no\/en\/wp-json\/wp\/v2\/pages"}],"about":[{"href":"https:\/\/arcticnavigation.no\/en\/wp-json\/wp\/v2\/types\/page"}],"author":[{"embeddable":true,"href":"https:\/\/arcticnavigation.no\/en\/wp-json\/wp\/v2\/users\/1"}],"replies":[{"embeddable":true,"href":"https:\/\/arcticnavigation.no\/en\/wp-json\/wp\/v2\/comments?post=97"}],"version-history":[{"count":25,"href":"https:\/\/arcticnavigation.no\/en\/wp-json\/wp\/v2\/pages\/97\/revisions"}],"predecessor-version":[{"id":266,"href":"https:\/\/arcticnavigation.no\/en\/wp-json\/wp\/v2\/pages\/97\/revisions\/266"}],"wp:attachment":[{"href":"https:\/\/arcticnavigation.no\/en\/wp-json\/wp\/v2\/media?parent=97"}],"curies":[{"name":"wp","href":"https:\/\/api.w.org\/{rel}","templated":true}]}}