{"id":60,"date":"2015-09-15T06:16:00","date_gmt":"2015-09-15T06:16:00","guid":{"rendered":"http:\/\/fiskerikyndig.no\/fiskerikyndig.new\/?page_id=60"},"modified":"2015-09-16T07:01:51","modified_gmt":"2015-09-16T07:01:51","slug":"manual-for-flo","status":"publish","type":"page","link":"https:\/\/arcticnavigation.no\/en\/manual-for-flo\/","title":{"rendered":"Manual for FLO"},"content":{"rendered":"<p><span class=\"content\"><span id=\"result_box\" class=\"\" lang=\"en\"><span class=\"hps\"><a href=\"http:\/\/arcticnavigation.no\/wp-content\/uploads\/2015\/09\/qa_manual.jpg\"><img loading=\"lazy\" decoding=\"async\" class=\"size-medium wp-image-216 alignright\" src=\"http:\/\/arcticnavigation.no\/wp-content\/uploads\/2015\/09\/qa_manual-300x203.jpg\" alt=\"qa_manual\" width=\"300\" height=\"203\" srcset=\"https:\/\/arcticnavigation.no\/wp-content\/uploads\/2015\/09\/qa_manual-300x203.jpg 300w, https:\/\/arcticnavigation.no\/wp-content\/uploads\/2015\/09\/qa_manual.jpg 420w\" sizes=\"auto, (max-width: 300px) 100vw, 300px\" \/><\/a><\/span><\/span>Manualen under er utarbeidet for fiskerikyndig personell p\u00e5 fart\u00f8y som driver leting etter olje- og gassressurser p\u00e5 norsk sokkel.<\/span><\/p>\n<p>I tillegg b\u00f8r manualen benyttes av fiskerikyndig personell under vitenskapelige unders\u00f8kelser og ulike typer bunn- og tras\u00e8kartlegging.<\/p>\n<p>Du kan f\u00e5 manualen ved \u00e5 sende en e-post ved \u00e5 bruke skjemaet under<\/p>\n\n\t\t\t<div class=\"ccf-form-wrapper form-id-76\" data-form-id=\"76\">\n\t\t\t\t<form  class=\"ccf-form ccf-theme-default\" method=\"post\" action=\"https:\/\/arcticnavigation.no\/en\/wp-json\/wp\/v2\/pages\/60\" data-form-id=\"76\" data-trp-original-action=\"?v=1777043781\">\n\n\t\t\t\t\t\t\t\t\t\t\t\t\t\t\t\t\t\t<div class=\"form-title\">\n\t\t\t\t\t\t\t\tManual for FLO\t\t\t\t\t\t\t<\/div>\n\t\t\t\t\t\t\t\t\t\t\t\n\t\t\t\t\t\n\t\t\t\t\t\n\t\t<div data-field-type=\"single-line-text\" data-field-slug=\"Fornavn\" class=\"form-group  field Fornavn field-type-single-line-text field-77  field-required\">\n\t\t\t<label class=\"main-label\" for=\"ccf_field_Fornavn\">\n\t\t\t\t<span class=\"required\">*<\/span>\t\t\t\tFornavn\t\t\t<\/label>\n\t\t\t<input class=\"form-control  field-input\" required aria-required=\"true\" type=\"text\" name=\"ccf_field_Fornavn\" id=\"ccf_field_Fornavn\" placeholder=\"\" value=\"\">\n\n\t\t\t\n\t\t\t\t\t<\/div>\n\n\t\t\n\t\t<div data-field-type=\"single-line-text\" data-field-slug=\"Etternavn\" class=\"form-group  field Etternavn field-type-single-line-text field-78  field-required\">\n\t\t\t<label class=\"main-label\" for=\"ccf_field_Etternavn\">\n\t\t\t\t<span class=\"required\">*<\/span>\t\t\t\tEtternavn\t\t\t<\/label>\n\t\t\t<input class=\"form-control  field-input\" required aria-required=\"true\" type=\"text\" name=\"ccf_field_Etternavn\" id=\"ccf_field_Etternavn\" placeholder=\"\" value=\"\">\n\n\t\t\t\n\t\t\t\t\t<\/div>\n\n\t\t\n\t\t<div data-field-type=\"single-line-text\" data-field-slug=\"Adresse\" class=\"form-group  field Adresse field-type-single-line-text field-79  field-required\">\n\t\t\t<label class=\"main-label\" for=\"ccf_field_Adresse\">\n\t\t\t\t<span class=\"required\">*<\/span>\t\t\t\tAdresse\t\t\t<\/label>\n\t\t\t<input class=\"form-control  field-input\" required aria-required=\"true\" type=\"text\" name=\"ccf_field_Adresse\" id=\"ccf_field_Adresse\" placeholder=\"\" value=\"\">\n\n\t\t\t\n\t\t\t\t\t<\/div>\n\n\t\t\n\t\t<div data-field-type=\"single-line-text\" data-field-slug=\"Postnummer_sted\" class=\"form-group  field Postnummer_sted field-type-single-line-text field-80  field-required\">\n\t\t\t<label class=\"main-label\" for=\"ccf_field_Postnummer_sted\">\n\t\t\t\t<span class=\"required\">*<\/span>\t\t\t\tPostnummer og Sted\t\t\t<\/label>\n\t\t\t<input class=\"form-control  field-input\" required aria-required=\"true\" type=\"text\" name=\"ccf_field_Postnummer_sted\" id=\"ccf_field_Postnummer_sted\" placeholder=\"\" value=\"\">\n\n\t\t\t\n\t\t\t\t\t<\/div>\n\n\t\t\n\t\t<div data-field-type=\"email\" data-field-slug=\"email-8\" class=\"form-group  field email-8 field-type-email field-142  field-required\">\n\t\t\t<label class=\"main-label\" for=\"ccf_field_email-8\">\n\t\t\t\t<span class=\"required\">*<\/span>\t\t\t\tE-Post\t\t\t<\/label>\n\t\t\t\t\t\t\t<div class=\"left\">\n\t\t\t\t\t<input class=\"form-control field-input\" required aria-required=\"true\" name=\"ccf_field_email-8[email]\" id=\"ccf_field_email-8\" value=\"\" type=\"text\">\n\t\t\t\t\t\t\t\t\t\t<label for=\"ccf_field_email-8\" class=\"sub-label help-block text-muted\">Email<\/label>\n\t\t\t\t<\/div>\n\t\t\t\t<div class=\"right\">\n\t\t\t\t\t<input class=\"form-control field-input\" required aria-required=\"true\" name=\"ccf_field_email-8[confirm]\" id=\"ccf_field_email-8-confirm\" value=\"\" type=\"text\">\n\t\t\t\t\t\t\t\t\t\t<label for=\"ccf_field_email-8-confirm\" class=\"sub-label help-block text-muted\">Confirm Email<\/label>\n\t\t\t\t<\/div>\n\t\t\t\t\t\t\t\t\t\t\t\t<div class=\"ccf-clear\"><\/div>\n\t\t\t\n\t\t\t\t\t<\/div>\n\n\t\t\n\t\t<div data-field-type=\"checkboxes\" data-field-slug=\"onsker_manual\" class=\"form-group  field onsker_manual field-type-checkboxes field-138  field-required\">\n\t\t\t<label class=\"main-label\" for=\"ccf_field_onsker_manual\">\n\t\t\t\t<span class=\"required\">*<\/span>\t\t\t\tJeg \u00f8nsker \u00e5 f\u00e5 tilsendt manual for FLO\t\t\t<\/label>\n\t\t\t\t\t\t\t<div class=\"choice checkbox\">\n\t\t\t\t\t<label><input class=\"field-input\" name=\"ccf_field_onsker_manual[]\" type=\"checkbox\"  value=\"Ja\"> <span>Ja<\/span><\/label>\n\t\t\t\t<\/div>\n\t\t\t\n\t\t\t\t\t\t\t<div class=\"field-description help-block text-muted\">\n\t\t\t\t\tKryss av her for \u00e5 f\u00e5 tilsendt manualen per post\t\t\t\t<\/div>\n\t\t\t\n\t\t\t\t\t<\/div>\n\n\t\t\n\t\t<div data-field-type=\"recaptcha\" data-field-slug=\"recaptcha-6\" class=\"form-group  field recaptcha-6 field-type-recaptcha field-84\">\n\t\t\t<label class=\"main-label\" for=\"ccf_field_recaptcha-6\">\n\t\t\t\t<span class=\"required\">*<\/span>\n\t\t\t\tField Label\t\t\t<\/label>\n\t\t\t<div class=\"ccf-recaptcha-wrapper\" data-form-id=\"76\" data-sitekey=\"6Le70wwTAAAAAIwT3fT62vTSAoeXq8XI0CnJfhx7\"><\/div>\n\n\t\t\t\n\t\t\t\t\t<\/div>\n\n\t\t\n\t\t\t\t\t<div class=\"form-submit\">\n\t\t\t\t\t\t<input type=\"submit\" class=\"btn btn-primary ccf-submit-button\" value=\"Submit Form\">\n\t\t\t\t\t\t<img decoding=\"async\" class=\"loading-img\" src=\"https:\/\/arcticnavigation.no\/wp-admin\/images\/wpspin_light.gif\">\n\t\t\t\t\t<\/div>\n\n\t\t\t\t\t<script type=\"text\/javascript\">\n\t\t\t\t\twindow.wp = window.wp || {};\n\t\t\t\t\twp.ccf = wp.ccf || {};\n\t\t\t\t\twp.ccf.conditionals = wp.ccf.conditionals || [];\n\t\t\t\t\twp.ccf.conditionals[76] = [];\n\t\t\t\t\t<\/script>\n\n\t\t\t\t\t<input type=\"hidden\" name=\"form_id\" value=\"76\">\n\t\t\t\t\t<input type=\"hidden\" name=\"form_page\" value=\"https:\/\/arcticnavigation.no\/en\/wp-json\/wp\/v2\/pages\/60\">\n\t\t\t\t\t<input type=\"text\" name=\"my_information\" style=\"display: none;\">\n\t\t\t\t\t<input type=\"hidden\"  name=\"ccf_form\" value=\"1\">\n\t\t\t\t\t<input type=\"hidden\" name=\"form_nonce\" value=\"2132f28c50\">\n\t\t\t\t<input type=\"hidden\" name=\"trp-form-language\" value=\"en\"\/><\/form>\n\n\t\t\t\t<iframe class=\"ccf-form-frame\" id=\"ccf_form_frame_76\" name=\"ccf_form_frame_76\"><\/iframe>\n\t\t\t<\/div>","protected":false},"excerpt":{"rendered":"<p>Manualen under er utarbeidet for fiskerikyndig personell p\u00e5 fart\u00f8y som driver leting etter olje- og gassressurser p\u00e5 norsk sokkel. I tillegg b\u00f8r manualen benyttes av fiskerikyndig personell under vitenskapelige unders\u00f8kelser og ulike typer bunn- og tras\u00e8kartlegging. Du kan f\u00e5 manualen ved \u00e5 sende en e-post ved \u00e5 bruke skjemaet under<\/p>","protected":false},"author":1,"featured_media":0,"parent":0,"menu_order":0,"comment_status":"closed","ping_status":"closed","template":"","meta":{"footnotes":""},"class_list":["post-60","page","type-page","status-publish","hentry"],"_links":{"self":[{"href":"https:\/\/arcticnavigation.no\/en\/wp-json\/wp\/v2\/pages\/60","targetHints":{"allow":["GET"]}}],"collection":[{"href":"https:\/\/arcticnavigation.no\/en\/wp-json\/wp\/v2\/pages"}],"about":[{"href":"https:\/\/arcticnavigation.no\/en\/wp-json\/wp\/v2\/types\/page"}],"author":[{"embeddable":true,"href":"https:\/\/arcticnavigation.no\/en\/wp-json\/wp\/v2\/users\/1"}],"replies":[{"embeddable":true,"href":"https:\/\/arcticnavigation.no\/en\/wp-json\/wp\/v2\/comments?post=60"}],"version-history":[{"count":24,"href":"https:\/\/arcticnavigation.no\/en\/wp-json\/wp\/v2\/pages\/60\/revisions"}],"predecessor-version":[{"id":243,"href":"https:\/\/arcticnavigation.no\/en\/wp-json\/wp\/v2\/pages\/60\/revisions\/243"}],"wp:attachment":[{"href":"https:\/\/arcticnavigation.no\/en\/wp-json\/wp\/v2\/media?parent=60"}],"curies":[{"name":"wp","href":"https:\/\/api.w.org\/{rel}","templated":true}]}}