{"id":57,"date":"2015-09-15T06:13:02","date_gmt":"2015-09-15T06:13:02","guid":{"rendered":"http:\/\/fiskerikyndig.no\/fiskerikyndig.new\/?page_id=57"},"modified":"2015-09-16T07:15:07","modified_gmt":"2015-09-16T07:15:07","slug":"krav-til-flo","status":"publish","type":"page","link":"https:\/\/arcticnavigation.no\/en\/krav-til-flo\/","title":{"rendered":"Krav til FLO"},"content":{"rendered":"<p><span class=\"content\">Hvilke krav stilles til den som skal v\u00e6re &laquo;Fiskerikyndig&raquo; for Arctic Navigation Ltd.?<br \/> <img loading=\"lazy\" decoding=\"async\" class=\"wp-image-240 alignright\" src=\"http:\/\/arcticnavigation.no\/wp-content\/uploads\/2015\/09\/seismic_surveys_01_576x314-300x164.png\" alt=\"seismic_surveys_01_576x314\" width=\"315\" height=\"172\" srcset=\"https:\/\/arcticnavigation.no\/wp-content\/uploads\/2015\/09\/seismic_surveys_01_576x314-300x164.png 300w, https:\/\/arcticnavigation.no\/wp-content\/uploads\/2015\/09\/seismic_surveys_01_576x314.png 576w\" sizes=\"auto, (max-width: 315px) 100vw, 315px\" \/><br \/> Diverse godkjenninger \/ personlige egenskaper:<\/span><\/p>\n<p>\u2022 Dekksoffiser Kl.5<br \/> \u2022 Sikkerhetskurs STCW95 (Gyldig sikkerhetserkl\u00e6ring 4 \u00e5r)<br \/> \u2022 Helsesertifikat (Helseerkl\u00e6ring 2\u00e5r)<br \/> \u2022 Helikoptervelt (HUET)<br \/> \u2022 N\u00f8dvendig kjennskap, fiskeriene-farvann-regelverk<br \/> \u2022 Har satt seg inn i Petroleumsloven par 45<br \/> \u2022 Har satt seg inn i sj\u00f8veisreglene 3(g)(II),18 (II) og 27(b)<br \/> \u2022 Engelsk kunnskaper (Gode)<br \/> \u2022 Presentere \/ Representere Arctic Navigation Ltd seri\u00f8st og positivt<br \/> \u2022 Gyldig Pass<br \/> \u2022 Norsk Statsborger<\/p>\n<p>Videre anbefaler vi ogs\u00e5 at den fiskerikyndge medbringer en privat laptop med seg p\u00e5 sine oppdrag. Dette vil gj\u00f8re det mye enklere \u00e5 utf\u00f8re rapportskrivingen om bord i fart\u00f8yet. Vi i Arctic Navigation har utarbeidet en elektronisk dagbok slik at dagbokf\u00f8ringen kan gj\u00f8res elektronisk p\u00e5 PC om bord.<br \/> En Engelsk-Norsk ordliste for PC er ogs\u00e5 \u00e5 anbefale da all kommunikasjon foreg\u00e5r p\u00e5 Engelsk. Her anbefales Clue v6.4 eventuelt v7.0.<\/p>\n<p>En kopi av gyldig sj\u00f8mannsattest M\u00c5 medbringes om bord. Det samme gjelder pass og sertifikater. Sistnevnte gjelder i hovedsak GOC\/ROC radiosertifikat. En sj\u00f8mannsattest er gyldig i 2 \u00e5r fra utstedelsesdato. For GOC\/ROC m\u00e5 du kan dokumentere minimum 12 m\u00e5neder effektiv seiling i l\u00f8pet av de siste 5 \u00e5r for at disse skal v\u00e6re gyldig. N\u00f8dvendig kompetanse kan ogs\u00e5 f\u00e5es ved \u00e5 ta rep-kurs p\u00e5 forskjellige kursteder rundt omkring i landet.<\/p>","protected":false},"excerpt":{"rendered":"<p>Hvilke krav stilles til den som skal v\u00e6re &laquo;Fiskerikyndig&raquo; for Arctic Navigation Ltd.? Diverse godkjenninger \/ personlige egenskaper: \u2022 Dekksoffiser Kl.5 \u2022 Sikkerhetskurs STCW95 (Gyldig sikkerhetserkl\u00e6ring 4 \u00e5r) \u2022 Helsesertifikat (Helseerkl\u00e6ring 2\u00e5r) \u2022 Helikoptervelt (HUET) \u2022 N\u00f8dvendig kjennskap, fiskeriene-farvann-regelverk \u2022 Har satt seg inn i Petroleumsloven par 45 \u2022 Har satt seg inn i sj\u00f8veisreglene<span class=\"excerpt-ellipsis\">&#8230;<\/span><\/p>\n<p><a class=\"more-link\" href=\"https:\/\/arcticnavigation.no\/en\/krav-til-flo\/\" itemprop=\"url\">Read More<\/a><\/p>","protected":false},"author":1,"featured_media":0,"parent":0,"menu_order":0,"comment_status":"closed","ping_status":"closed","template":"","meta":{"footnotes":""},"class_list":["post-57","page","type-page","status-publish","hentry"],"_links":{"self":[{"href":"https:\/\/arcticnavigation.no\/en\/wp-json\/wp\/v2\/pages\/57","targetHints":{"allow":["GET"]}}],"collection":[{"href":"https:\/\/arcticnavigation.no\/en\/wp-json\/wp\/v2\/pages"}],"about":[{"href":"https:\/\/arcticnavigation.no\/en\/wp-json\/wp\/v2\/types\/page"}],"author":[{"embeddable":true,"href":"https:\/\/arcticnavigation.no\/en\/wp-json\/wp\/v2\/users\/1"}],"replies":[{"embeddable":true,"href":"https:\/\/arcticnavigation.no\/en\/wp-json\/wp\/v2\/comments?post=57"}],"version-history":[{"count":13,"href":"https:\/\/arcticnavigation.no\/en\/wp-json\/wp\/v2\/pages\/57\/revisions"}],"predecessor-version":[{"id":260,"href":"https:\/\/arcticnavigation.no\/en\/wp-json\/wp\/v2\/pages\/57\/revisions\/260"}],"wp:attachment":[{"href":"https:\/\/arcticnavigation.no\/en\/wp-json\/wp\/v2\/media?parent=57"}],"curies":[{"name":"wp","href":"https:\/\/api.w.org\/{rel}","templated":true}]}}