{"id":46,"date":"2015-09-13T11:28:27","date_gmt":"2015-09-13T11:28:27","guid":{"rendered":"http:\/\/fiskerikyndig.no\/fiskerikyndig.new\/?page_id=46"},"modified":"2015-09-16T07:13:29","modified_gmt":"2015-09-16T07:13:29","slug":"fiskerikyndig-personell","status":"publish","type":"page","link":"https:\/\/arcticnavigation.no\/en\/fiskerikyndig-personell\/","title":{"rendered":"Fiskerikyndig personell"},"content":{"rendered":"<p><strong>FLO (Fishery Liaison Officer)<\/strong><span class=\"content\"><img loading=\"lazy\" decoding=\"async\" class=\"size-medium wp-image-189 alignright\" src=\"http:\/\/arcticnavigation.no\/wp-content\/uploads\/2015\/09\/skipsratt-300x169.jpg\" alt=\"skipsratt\" width=\"300\" height=\"169\" srcset=\"https:\/\/arcticnavigation.no\/wp-content\/uploads\/2015\/09\/skipsratt-300x169.jpg 300w, https:\/\/arcticnavigation.no\/wp-content\/uploads\/2015\/09\/skipsratt.jpg 700w\" sizes=\"auto, (max-width: 300px) 100vw, 300px\" \/><\/span><\/p>\n<p><span class=\"content\">Arctic N<\/span><span class=\"content\">avigation Ltd driver med utleie av fiskerikyndig personell p\u00e5 fart\u00f8y som driver leting etter olje- og gassressurser.<\/span><\/p>\n<p>Firmaet arbeider for \u00e5 tilby ressurspersoner, som igjen vil skape forn\u00f8yde kunder og ivareta fiskeri interessene.<\/p>\n<p>De fiskerikyndige er en viktig ressurs for begge n\u00e6ringer og har en helt avgj\u00f8rende rolle som brobygger mellom fiskeri- og seismikkfl\u00e5ten.<\/p>\n<p>De skal fungere og inneha en diplomatisk og r\u00e5dgivende rolle om bord i fart\u00f8yet slik at alle parter kan f\u00e5 en forst\u00e5else for hva som foreg\u00e5r. I veldig mange tilfeller er konflikter om bord p\u00e5 fart\u00f8yene basert p\u00e5 misforst\u00e5elser og lite kjennskap til de respektive n\u00e6ringene. Det er her den fiskerikyndige kommer inn.<\/p>\n<p>Skiftordningen for fiskerikyndige om bord p\u00e5 fart\u00f8yene varier, men der det er to FLO, er vaktene delt opp i et 2-vaktsystem. Man rapporter hendelser og daglige rapporter ihht. Arctic Navigation sine retningslinjer for rapportering.<\/p>\n<p><strong><br \/> <\/strong><\/p>","protected":false},"excerpt":{"rendered":"<p>FLO (Fishery Liaison Officer) Arctic Navigation Ltd driver med utleie av fiskerikyndig personell p\u00e5 fart\u00f8y som driver leting etter olje- og gassressurser. Firmaet arbeider for \u00e5 tilby ressurspersoner, som igjen vil skape forn\u00f8yde kunder og ivareta fiskeri interessene. De fiskerikyndige er en viktig ressurs for begge n\u00e6ringer og har en helt avgj\u00f8rende rolle som brobygger<span class=\"excerpt-ellipsis\">&#8230;<\/span><\/p>\n<p><a class=\"more-link\" href=\"https:\/\/arcticnavigation.no\/en\/fiskerikyndig-personell\/\" itemprop=\"url\">Read More<\/a><\/p>","protected":false},"author":1,"featured_media":0,"parent":0,"menu_order":0,"comment_status":"closed","ping_status":"closed","template":"","meta":{"footnotes":""},"class_list":["post-46","page","type-page","status-publish","hentry"],"_links":{"self":[{"href":"https:\/\/arcticnavigation.no\/en\/wp-json\/wp\/v2\/pages\/46","targetHints":{"allow":["GET"]}}],"collection":[{"href":"https:\/\/arcticnavigation.no\/en\/wp-json\/wp\/v2\/pages"}],"about":[{"href":"https:\/\/arcticnavigation.no\/en\/wp-json\/wp\/v2\/types\/page"}],"author":[{"embeddable":true,"href":"https:\/\/arcticnavigation.no\/en\/wp-json\/wp\/v2\/users\/1"}],"replies":[{"embeddable":true,"href":"https:\/\/arcticnavigation.no\/en\/wp-json\/wp\/v2\/comments?post=46"}],"version-history":[{"count":24,"href":"https:\/\/arcticnavigation.no\/en\/wp-json\/wp\/v2\/pages\/46\/revisions"}],"predecessor-version":[{"id":258,"href":"https:\/\/arcticnavigation.no\/en\/wp-json\/wp\/v2\/pages\/46\/revisions\/258"}],"wp:attachment":[{"href":"https:\/\/arcticnavigation.no\/en\/wp-json\/wp\/v2\/media?parent=46"}],"curies":[{"name":"wp","href":"https:\/\/api.w.org\/{rel}","templated":true}]}}