{"id":272,"date":"2015-09-16T15:51:28","date_gmt":"2015-09-16T15:51:28","guid":{"rendered":"http:\/\/fiskerikyndig.no\/?page_id=272"},"modified":"2015-09-16T17:56:40","modified_gmt":"2015-09-16T17:56:40","slug":"mmo","status":"publish","type":"page","link":"https:\/\/arcticnavigation.no\/en\/mmo\/","title":{"rendered":"MMO"},"content":{"rendered":"<p><strong>MMO (Marine Mamal Observer)<\/strong><\/p>\n<p><a href=\"http:\/\/arcticnavigation.no\/wp-content\/uploads\/2015\/09\/MMO.png\"><img loading=\"lazy\" decoding=\"async\" class=\"wp-image-273 alignright\" src=\"http:\/\/arcticnavigation.no\/wp-content\/uploads\/2015\/09\/MMO-300x96.png\" alt=\"MMO\" width=\"431\" height=\"138\" srcset=\"https:\/\/arcticnavigation.no\/wp-content\/uploads\/2015\/09\/MMO-300x96.png 300w, https:\/\/arcticnavigation.no\/wp-content\/uploads\/2015\/09\/MMO.png 900w\" sizes=\"auto, (max-width: 431px) 100vw, 431px\" \/><\/a><span class=\"content\"><strong>Arctic Navigation LTD vil v\u00e6re behjelpelig med \u00e5 finne MMO-kurs for deg<br \/>\n<\/strong><br \/>\nTa kontakt med Arctic Navigation for n\u00e6rmere opplysninger. <\/span><\/p>\n<p><span class=\"content\">Hvis du innehar kurs som MMO og er klar til \u00e5 reise, anbefaler vi deg \u00e5 laste opp din CV her p\u00e5 nettsiden hos oss eller sende en e-post.<br \/>\n<\/span><\/p>\n<p><span class=\"content\"><strong>Litt om MMOens arbeid (Hentet fra Wikipedia) <\/strong><br \/>\n<\/span><span lang=\"no-NO\">En MMO er en profesjonell <\/span><span lang=\"no-NO\">ut\u00f8ver <\/span><span lang=\"no-NO\">i milj\u00f8r\u00e5dgivning som spesialiserer seg p\u00e5 hvaler og delfiner.<\/span><\/p>\n<p>I de senere \u00e5rene har det v\u00e6rt \u00f8kt bekymring for effekten av menneskeskapt st\u00f8y forurensning i havet, spesielt p\u00e5 hvaler som er kjent for \u00e5 v\u00e6re f\u00f8lsom<span lang=\"no-NO\">me<\/span><span lang=\"no-NO\"> for lyd. Som et resultat, har milj\u00f8bestemmelser er innf\u00f8rt i et fors\u00f8k p\u00e5 \u00e5 minimere negative effekter p\u00e5 marint dyreliv. Disse retningslinjene har fokusert p\u00e5 oljeindustriens seismiske unders\u00f8kelser for offshore olje. <\/span><\/p>\n<p><span lang=\"no-NO\">De <\/span><span lang=\"no-NO\">har fokus <\/span><span lang=\"no-NO\">p\u00e5 praksisen med \u00e5 forsinke eller <\/span><span lang=\"no-NO\">legge ned <\/span><span lang=\"no-NO\">bruk av luft-v\u00e5pen hvis en hval eller delfin er observert i n\u00e6rheten. Et MMO vil implementere dette regelverket p\u00e5 omr\u00e5det.<\/span><\/p>\n<p>N\u00e5r <span lang=\"no-NO\">observat\u00f8ren er <\/span><span lang=\"no-NO\">om bord p\u00e5 seismikkfart\u00f8yet, er MMO<\/span><span lang=\"no-NO\">ens<\/span><span lang=\"no-NO\"> jobb todelt:<\/span><\/p>\n<p>\u00c5 f\u00e5 \u00f8ye p\u00e5 f\u00f8lsomme dyrearter<br \/>\n<span lang=\"no-NO\">O<\/span><span lang=\"no-NO\">verv\u00e5ke <\/span><span lang=\"no-NO\">og s\u00f8rge for <\/span><span lang=\"no-NO\">etterlevelse av retningslinjene.<\/span><\/p>\n<p><span lang=\"no-NO\">Utkikk <\/span><span lang=\"no-NO\">og identifiser<\/span><span lang=\"no-NO\">ing <\/span><span lang=\"no-NO\">in<\/span><span lang=\"no-NO\">neb\u00e6rer <\/span><span lang=\"no-NO\">lange timer med visuelle unders\u00f8kelser. Detekt<\/span><span lang=\"no-NO\">ere<\/span><span lang=\"no-NO\"> hvaler med hydrofoner som er kjent som passiv akustisk overv\u00e5king (PAM), er en stadig mer vanlig teknikk som brukes i tillegg til visuelle unders\u00f8kelser. Sikre etterlevelse av retningslinjene krever en grundig kunnskap om regelverket, forst\u00e5else av virksomheten og evne til \u00e5 kommunisere effektivt med mannskapet. MMOs har vanligvis en sterk bakgrunn i marinbiologi og bevaring. <\/span><\/p>\n<p><span lang=\"no-NO\">I \u00f8kende grad <\/span><span lang=\"no-NO\">har<\/span><span lang=\"no-NO\"> oljeindustrien <\/span><span lang=\"no-NO\">begynt \u00e5 <\/span><span lang=\"no-NO\">ansette <\/span><span lang=\"no-NO\">MMOer etter <\/span><span lang=\"no-NO\">&laquo;beste praksis&raquo; <\/span><span lang=\"no-NO\">t<\/span><span lang=\"no-NO\">il milj\u00f8engasjement og <\/span><span lang=\"no-NO\">tar <\/span><span lang=\"no-NO\">frivillig <\/span><span lang=\"no-NO\">med <\/span><span lang=\"no-NO\">MMO<\/span><span lang=\"no-NO\">er<\/span><span lang=\"no-NO\"> som uavhengige observat\u00f8rer i omr\u00e5der der ingen offentlige forskrifter eksisterer. I noen tilfeller <\/span><span lang=\"no-NO\">kan <\/span><span lang=\"no-NO\">retningslinje<\/span><span lang=\"no-NO\">r<\/span><span lang=\"no-NO\"> v\u00e6re \u00e5pen for tolkning eller milj\u00f8forholdene unik og MMO vil bli bedt om \u00e5 <\/span><span lang=\"no-NO\">gi <\/span><span lang=\"no-NO\">r\u00e5d.<\/span><\/p>\n<p>MMOs kan ogs\u00e5 v\u00e6re n\u00f8dvendig <span lang=\"no-NO\">ved avvikling av <\/span><span lang=\"no-NO\">oljerigg<\/span><span lang=\"no-NO\">er<\/span><span lang=\"no-NO\"> hvor utrangerte oljeplattform<\/span><span lang=\"no-NO\">ers<\/span><span lang=\"no-NO\"> p\u00e5ler p\u00e5 havbunnen blir fjernet <\/span><span lang=\"no-NO\">med<\/span><span lang=\"no-NO\"> store mengder eksplosiver. <\/span><span lang=\"no-NO\">M<\/span><span lang=\"no-NO\">arine byggeprosjekter og milit\u00e6r<\/span><span lang=\"no-NO\">t<\/span><span lang=\"no-NO\"> utpr\u00f8ving av nye, kraftige aktive sonarsystemer. Vanligvis <\/span><span lang=\"no-NO\">er <\/span><span lang=\"no-NO\">MMO<\/span><span lang=\"no-NO\">ens<\/span><span lang=\"no-NO\"> oppgaver finansiert av selskapet <\/span><span lang=\"no-NO\">som driver med<\/span><span lang=\"no-NO\"> oppm\u00e5ling.<\/span><\/p>\n<p>St\u00f8y fra menneskelig aktivitet i havmilj\u00f8et vil trolig \u00f8ke &#8211; og bli en st\u00f8rre milj\u00f8problem. Diskusjon om hvordan <span lang=\"no-NO\">vi kan<\/span><span lang=\"no-NO\"> minimere de negative effektene av st\u00f8y <\/span><span lang=\"no-NO\">for<\/span><span lang=\"no-NO\"> hvaler, delfiner og an<\/span><span lang=\"no-NO\">net<\/span><span lang=\"no-NO\"> mari<\/span><span lang=\"no-NO\">timt <\/span><span lang=\"no-NO\">liv vil uten tvil fortsette mellom n\u00e6ringsliv, offentlige etater, milit\u00e6re, milj\u00f8organisasjoner og akademikere. Det vil v\u00e6re MMO<\/span><span lang=\"no-NO\">en<\/span><span lang=\"no-NO\"> som setter dette <\/span><span lang=\"no-NO\">regelverket og h\u00e5ndhevelsen <\/span><span lang=\"no-NO\">ut i praksis p\u00e5 feltet.<\/span><\/p>\n<p><span class=\"content\">\u00a0<\/span><\/p>","protected":false},"excerpt":{"rendered":"<p>MMO (Marine Mamal Observer) Arctic Navigation LTD vil v\u00e6re behjelpelig med \u00e5 finne MMO-kurs for deg Ta kontakt med Arctic Navigation for n\u00e6rmere opplysninger. Hvis du innehar kurs som MMO og er klar til \u00e5 reise, anbefaler vi deg \u00e5 laste opp din CV her p\u00e5 nettsiden hos oss eller sende en e-post. Litt om<span class=\"excerpt-ellipsis\">&#8230;<\/span><\/p>\n<p><a class=\"more-link\" href=\"https:\/\/arcticnavigation.no\/en\/mmo\/\" itemprop=\"url\">Read More<\/a><\/p>","protected":false},"author":2,"featured_media":0,"parent":0,"menu_order":0,"comment_status":"closed","ping_status":"closed","template":"","meta":{"footnotes":""},"class_list":["post-272","page","type-page","status-publish","hentry"],"_links":{"self":[{"href":"https:\/\/arcticnavigation.no\/en\/wp-json\/wp\/v2\/pages\/272","targetHints":{"allow":["GET"]}}],"collection":[{"href":"https:\/\/arcticnavigation.no\/en\/wp-json\/wp\/v2\/pages"}],"about":[{"href":"https:\/\/arcticnavigation.no\/en\/wp-json\/wp\/v2\/types\/page"}],"author":[{"embeddable":true,"href":"https:\/\/arcticnavigation.no\/en\/wp-json\/wp\/v2\/users\/2"}],"replies":[{"embeddable":true,"href":"https:\/\/arcticnavigation.no\/en\/wp-json\/wp\/v2\/comments?post=272"}],"version-history":[{"count":5,"href":"https:\/\/arcticnavigation.no\/en\/wp-json\/wp\/v2\/pages\/272\/revisions"}],"predecessor-version":[{"id":279,"href":"https:\/\/arcticnavigation.no\/en\/wp-json\/wp\/v2\/pages\/272\/revisions\/279"}],"wp:attachment":[{"href":"https:\/\/arcticnavigation.no\/en\/wp-json\/wp\/v2\/media?parent=272"}],"curies":[{"name":"wp","href":"https:\/\/api.w.org\/{rel}","templated":true}]}}